{"id":3830,"date":"2022-12-02T08:55:47","date_gmt":"2022-12-02T07:55:47","guid":{"rendered":"https:\/\/reset-brewery.com\/?post_type=product&#038;p=3830"},"modified":"2022-12-02T08:56:25","modified_gmt":"2022-12-02T07:56:25","slug":"darilni-bon-20-eur","status":"publish","type":"product","link":"https:\/\/reset-brewery.com\/en\/product\/darilni-bon-20-eur\/","title":{"rendered":"Darilni bon &#8211; 20 EUR"},"content":{"rendered":"<p>Darilni bon v vrednosti 20 EUR. Bon velja leto dni od datuma izdaje. Znesek je mogo\u010de unov\u010diti le v celoti, menjava za gotovino ni mo\u017ena. Vnov\u010dite ga lahko na vse izdelke in storitve Reset Brewery. Ve\u010d informacij: 064 252 920<\/p>","protected":false},"excerpt":{"rendered":"<p>Darilni bon v vrednosti 20 EUR. Bon velja leto dni od datuma izdaje. Znesek je mogo\u010de unov\u010diti le v celoti, menjava za gotovino ni mo\u017ena. Vnov\u010dite ga lahko na vse izdelke in storitve Reset Brewery. Ve\u010d informacij: 064 252 920<\/p>","protected":false},"featured_media":3829,"template":"","meta":[],"product_brand":[],"product_cat":[44],"product_tag":[],"class_list":{"0":"post-3830","1":"product","2":"type-product","3":"status-publish","4":"has-post-thumbnail","6":"product_cat-promo","8":"first","9":"instock","10":"taxable","11":"shipping-taxable","12":"purchasable","13":"product-type-simple"},"yoast_head":"<!-- This site is optimized with the Yoast SEO plugin v27.3 - https:\/\/yoast.com\/product\/yoast-seo-wordpress\/ -->\n<title>Darilni bon - 20 EUR - Reset Brewery<\/title>\n<meta name=\"robots\" content=\"index, follow, max-snippet:-1, max-image-preview:large, max-video-preview:-1\" \/>\n<link rel=\"canonical\" href=\"https:\/\/reset-brewery.com\/en\/product\/darilni-bon-20-eur\/\" \/>\n<meta property=\"og:locale\" content=\"en_GB\" \/>\n<meta property=\"og:type\" content=\"article\" \/>\n<meta property=\"og:title\" content=\"Darilni bon - 20 EUR - Reset Brewery\" \/>\n<meta property=\"og:description\" content=\"Darilni bon v vrednosti 20 EUR. Bon velja leto dni od datuma izdaje. Znesek je mogo\u010de unov\u010diti le v celoti, menjava za gotovino ni mo\u017ena. Vnov\u010dite ga lahko na vse izdelke in storitve Reset Brewery. Ve\u010d informacij: 064 252 920\" \/>\n<meta property=\"og:url\" content=\"https:\/\/reset-brewery.com\/en\/product\/darilni-bon-20-eur\/\" \/>\n<meta property=\"og:site_name\" content=\"Reset Brewery\" \/>\n<meta property=\"article:publisher\" content=\"https:\/\/www.facebook.com\/resetbrewery\" \/>\n<meta property=\"article:modified_time\" content=\"2022-12-02T07:56:25+00:00\" \/>\n<meta property=\"og:image\" content=\"https:\/\/reset-brewery.com\/wp-content\/uploads\/2022\/12\/darilni-bon-1.jpg\" \/>\n\t<meta property=\"og:image:width\" content=\"1445\" \/>\n\t<meta property=\"og:image:height\" content=\"689\" \/>\n\t<meta property=\"og:image:type\" content=\"image\/jpeg\" \/>\n<meta name=\"twitter:card\" content=\"summary_large_image\" \/>\n<meta name=\"twitter:site\" content=\"@BreweryReset\" \/>\n<meta name=\"twitter:label1\" content=\"Estimated reading time\" \/>\n\t<meta name=\"twitter:data1\" content=\"1 minute\" \/>\n<script type=\"application\/ld+json\" class=\"yoast-schema-graph\">{\"@context\":\"https:\\\/\\\/schema.org\",\"@graph\":[{\"@type\":\"WebPage\",\"@id\":\"https:\\\/\\\/reset-brewery.com\\\/product\\\/darilni-bon-20-eur\\\/\",\"url\":\"https:\\\/\\\/reset-brewery.com\\\/product\\\/darilni-bon-20-eur\\\/\",\"name\":\"Darilni bon - 20 EUR - Reset Brewery\",\"isPartOf\":{\"@id\":\"https:\\\/\\\/reset-brewery.com\\\/#website\"},\"primaryImageOfPage\":{\"@id\":\"https:\\\/\\\/reset-brewery.com\\\/product\\\/darilni-bon-20-eur\\\/#primaryimage\"},\"image\":{\"@id\":\"https:\\\/\\\/reset-brewery.com\\\/product\\\/darilni-bon-20-eur\\\/#primaryimage\"},\"thumbnailUrl\":\"https:\\\/\\\/reset-brewery.com\\\/wp-content\\\/uploads\\\/2022\\\/12\\\/darilni-bon-1.jpg\",\"datePublished\":\"2022-12-02T07:55:47+00:00\",\"dateModified\":\"2022-12-02T07:56:25+00:00\",\"breadcrumb\":{\"@id\":\"https:\\\/\\\/reset-brewery.com\\\/product\\\/darilni-bon-20-eur\\\/#breadcrumb\"},\"inLanguage\":\"en-GB\",\"potentialAction\":[{\"@type\":\"ReadAction\",\"target\":[\"https:\\\/\\\/reset-brewery.com\\\/product\\\/darilni-bon-20-eur\\\/\"]}]},{\"@type\":\"ImageObject\",\"inLanguage\":\"en-GB\",\"@id\":\"https:\\\/\\\/reset-brewery.com\\\/product\\\/darilni-bon-20-eur\\\/#primaryimage\",\"url\":\"https:\\\/\\\/reset-brewery.com\\\/wp-content\\\/uploads\\\/2022\\\/12\\\/darilni-bon-1.jpg\",\"contentUrl\":\"https:\\\/\\\/reset-brewery.com\\\/wp-content\\\/uploads\\\/2022\\\/12\\\/darilni-bon-1.jpg\",\"width\":1445,\"height\":689},{\"@type\":\"BreadcrumbList\",\"@id\":\"https:\\\/\\\/reset-brewery.com\\\/product\\\/darilni-bon-20-eur\\\/#breadcrumb\",\"itemListElement\":[{\"@type\":\"ListItem\",\"position\":1,\"name\":\"Home\",\"item\":\"https:\\\/\\\/reset-brewery.com\\\/\"},{\"@type\":\"ListItem\",\"position\":2,\"name\":\"Trgovina\",\"item\":\"https:\\\/\\\/reset-brewery.com\\\/en\\\/trgovina\\\/\"},{\"@type\":\"ListItem\",\"position\":3,\"name\":\"Darilni bon &#8211; 20 EUR\"}]},{\"@type\":\"WebSite\",\"@id\":\"https:\\\/\\\/reset-brewery.com\\\/#website\",\"url\":\"https:\\\/\\\/reset-brewery.com\\\/\",\"name\":\"Reset Brewery\",\"description\":\"pivovarna | to\u010dilnica\",\"publisher\":{\"@id\":\"https:\\\/\\\/reset-brewery.com\\\/#organization\"},\"potentialAction\":[{\"@type\":\"SearchAction\",\"target\":{\"@type\":\"EntryPoint\",\"urlTemplate\":\"https:\\\/\\\/reset-brewery.com\\\/?s={search_term_string}\"},\"query-input\":{\"@type\":\"PropertyValueSpecification\",\"valueRequired\":true,\"valueName\":\"search_term_string\"}}],\"inLanguage\":\"en-GB\"},{\"@type\":\"Organization\",\"@id\":\"https:\\\/\\\/reset-brewery.com\\\/#organization\",\"name\":\"Reset Brewery d.o.o.\",\"url\":\"https:\\\/\\\/reset-brewery.com\\\/\",\"logo\":{\"@type\":\"ImageObject\",\"inLanguage\":\"en-GB\",\"@id\":\"https:\\\/\\\/reset-brewery.com\\\/#\\\/schema\\\/logo\\\/image\\\/\",\"url\":\"https:\\\/\\\/reset-brewery.com\\\/wp-content\\\/uploads\\\/2020\\\/03\\\/reset-fav.png\",\"contentUrl\":\"https:\\\/\\\/reset-brewery.com\\\/wp-content\\\/uploads\\\/2020\\\/03\\\/reset-fav.png\",\"width\":512,\"height\":512,\"caption\":\"Reset Brewery d.o.o.\"},\"image\":{\"@id\":\"https:\\\/\\\/reset-brewery.com\\\/#\\\/schema\\\/logo\\\/image\\\/\"},\"sameAs\":[\"https:\\\/\\\/www.facebook.com\\\/resetbrewery\",\"https:\\\/\\\/x.com\\\/BreweryReset\",\"https:\\\/\\\/www.instagram.com\\\/resetbrewery\"]}]}<\/script>\n<!-- \/ Yoast SEO plugin. -->","yoast_head_json":{"title":"Darilni bon - 20 EUR - Reset Brewery","robots":{"index":"index","follow":"follow","max-snippet":"max-snippet:-1","max-image-preview":"max-image-preview:large","max-video-preview":"max-video-preview:-1"},"canonical":"https:\/\/reset-brewery.com\/en\/product\/darilni-bon-20-eur\/","og_locale":"en_GB","og_type":"article","og_title":"Darilni bon - 20 EUR - Reset Brewery","og_description":"Darilni bon v vrednosti 20 EUR. Bon velja leto dni od datuma izdaje. Znesek je mogo\u010de unov\u010diti le v celoti, menjava za gotovino ni mo\u017ena. Vnov\u010dite ga lahko na vse izdelke in storitve Reset Brewery. Ve\u010d informacij: 064 252 920","og_url":"https:\/\/reset-brewery.com\/en\/product\/darilni-bon-20-eur\/","og_site_name":"Reset Brewery","article_publisher":"https:\/\/www.facebook.com\/resetbrewery","article_modified_time":"2022-12-02T07:56:25+00:00","og_image":[{"width":1445,"height":689,"url":"https:\/\/reset-brewery.com\/wp-content\/uploads\/2022\/12\/darilni-bon-1.jpg","type":"image\/jpeg"}],"twitter_card":"summary_large_image","twitter_site":"@BreweryReset","twitter_misc":{"Estimated reading time":"1 minute"},"schema":{"@context":"https:\/\/schema.org","@graph":[{"@type":"WebPage","@id":"https:\/\/reset-brewery.com\/product\/darilni-bon-20-eur\/","url":"https:\/\/reset-brewery.com\/product\/darilni-bon-20-eur\/","name":"Darilni bon - 20 EUR - Reset Brewery","isPartOf":{"@id":"https:\/\/reset-brewery.com\/#website"},"primaryImageOfPage":{"@id":"https:\/\/reset-brewery.com\/product\/darilni-bon-20-eur\/#primaryimage"},"image":{"@id":"https:\/\/reset-brewery.com\/product\/darilni-bon-20-eur\/#primaryimage"},"thumbnailUrl":"https:\/\/reset-brewery.com\/wp-content\/uploads\/2022\/12\/darilni-bon-1.jpg","datePublished":"2022-12-02T07:55:47+00:00","dateModified":"2022-12-02T07:56:25+00:00","breadcrumb":{"@id":"https:\/\/reset-brewery.com\/product\/darilni-bon-20-eur\/#breadcrumb"},"inLanguage":"en-GB","potentialAction":[{"@type":"ReadAction","target":["https:\/\/reset-brewery.com\/product\/darilni-bon-20-eur\/"]}]},{"@type":"ImageObject","inLanguage":"en-GB","@id":"https:\/\/reset-brewery.com\/product\/darilni-bon-20-eur\/#primaryimage","url":"https:\/\/reset-brewery.com\/wp-content\/uploads\/2022\/12\/darilni-bon-1.jpg","contentUrl":"https:\/\/reset-brewery.com\/wp-content\/uploads\/2022\/12\/darilni-bon-1.jpg","width":1445,"height":689},{"@type":"BreadcrumbList","@id":"https:\/\/reset-brewery.com\/product\/darilni-bon-20-eur\/#breadcrumb","itemListElement":[{"@type":"ListItem","position":1,"name":"Home","item":"https:\/\/reset-brewery.com\/"},{"@type":"ListItem","position":2,"name":"Trgovina","item":"https:\/\/reset-brewery.com\/en\/trgovina\/"},{"@type":"ListItem","position":3,"name":"Darilni bon &#8211; 20 EUR"}]},{"@type":"WebSite","@id":"https:\/\/reset-brewery.com\/#website","url":"https:\/\/reset-brewery.com\/","name":"Reset Brewery","description":"pivovarna | to\u010dilnica","publisher":{"@id":"https:\/\/reset-brewery.com\/#organization"},"potentialAction":[{"@type":"SearchAction","target":{"@type":"EntryPoint","urlTemplate":"https:\/\/reset-brewery.com\/?s={search_term_string}"},"query-input":{"@type":"PropertyValueSpecification","valueRequired":true,"valueName":"search_term_string"}}],"inLanguage":"en-GB"},{"@type":"Organization","@id":"https:\/\/reset-brewery.com\/#organization","name":"Reset Brewery d.o.o.","url":"https:\/\/reset-brewery.com\/","logo":{"@type":"ImageObject","inLanguage":"en-GB","@id":"https:\/\/reset-brewery.com\/#\/schema\/logo\/image\/","url":"https:\/\/reset-brewery.com\/wp-content\/uploads\/2020\/03\/reset-fav.png","contentUrl":"https:\/\/reset-brewery.com\/wp-content\/uploads\/2020\/03\/reset-fav.png","width":512,"height":512,"caption":"Reset Brewery d.o.o."},"image":{"@id":"https:\/\/reset-brewery.com\/#\/schema\/logo\/image\/"},"sameAs":["https:\/\/www.facebook.com\/resetbrewery","https:\/\/x.com\/BreweryReset","https:\/\/www.instagram.com\/resetbrewery"]}]}},"_links":{"self":[{"href":"https:\/\/reset-brewery.com\/en\/wp-json\/wp\/v2\/product\/3830","targetHints":{"allow":["GET"]}}],"collection":[{"href":"https:\/\/reset-brewery.com\/en\/wp-json\/wp\/v2\/product"}],"about":[{"href":"https:\/\/reset-brewery.com\/en\/wp-json\/wp\/v2\/types\/product"}],"wp:featuredmedia":[{"embeddable":true,"href":"https:\/\/reset-brewery.com\/en\/wp-json\/wp\/v2\/media\/3829"}],"wp:attachment":[{"href":"https:\/\/reset-brewery.com\/en\/wp-json\/wp\/v2\/media?parent=3830"}],"wp:term":[{"taxonomy":"product_brand","embeddable":true,"href":"https:\/\/reset-brewery.com\/en\/wp-json\/wp\/v2\/product_brand?post=3830"},{"taxonomy":"product_cat","embeddable":true,"href":"https:\/\/reset-brewery.com\/en\/wp-json\/wp\/v2\/product_cat?post=3830"},{"taxonomy":"product_tag","embeddable":true,"href":"https:\/\/reset-brewery.com\/en\/wp-json\/wp\/v2\/product_tag?post=3830"}],"curies":[{"name":"wp","href":"https:\/\/api.w.org\/{rel}","templated":true}]}}